{"id":3,"date":"2021-10-11T15:55:14","date_gmt":"2021-10-11T15:55:14","guid":{"rendered":"https:\/\/cacaiaoibhin.ie\/?page_id=3"},"modified":"2022-01-27T12:01:32","modified_gmt":"2022-01-27T12:01:32","slug":"privacy-cookies-policy","status":"publish","type":"page","link":"https:\/\/cacaiaoibhin.ie\/ga\/privacy-cookies-policy\/","title":{"rendered":"Privacy &#038; Cookies Policy"},"content":{"rendered":"<div data-elementor-type=\"wp-page\" data-elementor-id=\"3\" class=\"elementor elementor-3\" data-elementor-post-type=\"page\">\n\t\t\t\t\t\t<section class=\"elementor-section elementor-top-section elementor-element elementor-element-30be2133 elementor-section-boxed elementor-section-height-default elementor-section-height-default\" data-id=\"30be2133\" data-element_type=\"section\" data-e-type=\"section\">\n\t\t\t\t\t\t<div class=\"elementor-container elementor-column-gap-default\">\n\t\t\t\t\t<div class=\"elementor-column elementor-col-100 elementor-top-column elementor-element elementor-element-298ec75a\" data-id=\"298ec75a\" data-element_type=\"column\" data-e-type=\"column\">\n\t\t\t<div class=\"elementor-widget-wrap elementor-element-populated\">\n\t\t\t\t\t\t<div class=\"elementor-element elementor-element-104f075b de_scroll_animation_no elementor-widget elementor-widget-text-editor\" data-id=\"104f075b\" data-element_type=\"widget\" data-e-type=\"widget\" data-widget_type=\"text-editor.default\">\n\t\t\t\t<div class=\"elementor-widget-container\">\n\t\t\t\t\t\t\t\t\t<p><strong>C\u00e1ca\u00ed Aoibh\u00edn Privacy Policy<\/strong><\/p>\n<p>This privacy policy will explain how our organization uses the personal data we collect from you when you use our website.<\/p>\n<p><strong>Topics:<\/strong><\/p>\n<ul>\n<li>What data do we collect?<\/li>\n<li>How do we collect your data?<\/li>\n<li>How will we use your data?<\/li>\n<li>How do we store your data?<\/li>\n<li>Marketing<\/li>\n<li>What are your data protection rights?<\/li>\n<li>What are cookies?<\/li>\n<li>How do we use cookies?<\/li>\n<li>What types of cookies do we use?<\/li>\n<li>How to manage your cookies<\/li>\n<li>Privacy policies of other websites<\/li>\n<li>Changes to our privacy policy<\/li>\n<li>How to contact us<\/li>\n<li>How to contact the appropriate authorities<\/li>\n<li>What data do we collect?<\/li><\/ul><div><br><\/div><p><strong><em>C\u00e1ca\u00ed Aoibh\u00edn <\/em><\/strong><strong> collects the following data:<\/strong><\/p>\n<p>Personal identification information (Name, email address, phone number, etc.)<br>\nHow do we collect your data?<\/p>\n<p>You directly provide <em>C\u00e1ca\u00ed Aoibh\u00edn <\/em>with most of the data we collect. We collect data and process data when you:<\/p>\n<p>Consent to <em>C\u00e1ca\u00ed Aoibh\u00edn <\/em>collecting your data through our contact form(s).<br>\nUse or view our website via your browser\u2019s cookies.<br>\nHow will we use your data?<\/p><p><strong><em>C\u00e1ca\u00ed Aoibh\u00edn <\/em><\/strong><strong>collects your data so that we can:<\/strong><\/p>\n<p>Email or call you in order to answer your query or to offer our services to you.<br>\nHow do we store your data?<\/p>\n<p><em>C\u00e1ca\u00ed Aoibh\u00edn <\/em>securely stores your data at our operating offices and in any other places where the parties involved in the processing are located.<\/p>\n<p><em>C\u00e1ca\u00ed Aoibh\u00edn <\/em>will keep your personal data for as long as required by the purpose they have been collected for.<\/p><p><strong>Therefore:<\/strong><\/p>\n<p>Personal Data collected for purposes related to the performance of a contract between the <em>C\u00e1ca\u00ed Aoibh\u00edn <\/em>and the User shall be retained until such contract has been fully performed.<\/p>\n<p>Personal Data collected for the purposes of <em>C\u00e1ca\u00ed Aoibh\u00edn\u2019s<\/em> legitimate interests shall be retained as long as needed to fulfil such purposes. Users may find specific information regarding the legitimate interests pursued by <em>C\u00e1ca\u00ed Aoibh\u00edn <\/em>within the relevant sections of this document or by contacting the <em>C\u00e1ca\u00ed Aoibh\u00edn <\/em>.<\/p><p><strong>Marketing<\/strong><\/p>\n<p><em>C\u00e1ca\u00ed Aoibh\u00edn <\/em>would like to send you information about products and services of ours that we think you might like.<\/p>\n<p>If you have agreed to receive marketing, you may always opt-out at a later date.<\/p>\n<p>You have the right at any time to stop <em>C\u00e1ca\u00ed Aoibh\u00edn <\/em>from contacting you for marketing purposes.<\/p>\n<p>If you no longer wish to be contacted for marketing purposes, please contact <a href=\"mailto: cacaiaoibhin@gmail.com\"> cacaiaoibhin@gmail.com<\/a><\/p><p><strong>What are your data protection rights?<\/strong><\/p>\n<p><em>C\u00e1ca\u00ed Aoibh\u00edn <\/em>would like to make sure you are fully aware of all of your data protection rights. Every user is entitled to the following:<\/p>\n<p>The right to access \u2013 You have the right to request <em>C\u00e1ca\u00ed Aoibh\u00edn <\/em>for copies of your personal data. We may charge you a small fee for this service.<\/p>\n<p>The right to rectification \u2013 You have the right to request that <em>C\u00e1ca\u00ed Aoibh\u00edn <\/em>correct any information you believe is inaccurate. You also have the right to request <em>C\u00e1ca\u00ed Aoibh\u00edn <\/em>to complete the information you believe is incomplete.<\/p>\n<p>The right to erasure \u2013 You have the right to request that erase your personal data, under certain conditions.<\/p>\n<p>The right to restrict processing \u2013 You have the right to request that <em>C\u00e1ca\u00ed Aoibh\u00edn <\/em>restrict the processing of your personal data, under certain conditions.<\/p>\n<p>The right to object to processing \u2013 You have the right to object to <em>C\u00e1ca\u00ed Aoibh\u00edn\u2019s <\/em>processing of your personal data, under certain conditions.<\/p>\n<p>The right to data portability \u2013 You have the right to request that <em>C\u00e1ca\u00ed Aoibh\u00edn <\/em>transfer the data that we have collected to another organization, or directly to you, under certain conditions.<\/p>\n<p>If you make a request, we have one month to respond to you. If you would like to exercise any of these rights, please contact us at our email: <a href=\"mailto: cacaiaoibhin@gmail.com\"> cacaiaoibhin@gmail.com<\/a><\/p>\n<p>Call us at: +353 83 177 6711<\/p>\n<p>Or write to us: <em>C\u00e1ca\u00ed Aoibh\u00edn <\/em>, Gweedore, Donegal<\/p>\n<p><strong>Cookies<\/strong><\/p>\n<p>This website uses cookies to improve your experience while you navigate through the website. Out of these cookies, the cookies that are categorized as necessary are stored on your browser as they are as essential for the working of basic functionalities of the website.<\/p>\n<p>We also use third-party cookies that help us analyze and understand how you use this website. These cookies will be stored in your browser only with your consent. You also have the option to opt-out of these cookies. But opting out of some of these cookies may have an effect on your browsing experience.<\/p>\n<p>For further information, visit allaboutcookies.org<\/p>\n<p><strong>How do we use cookies?<\/strong><\/p>\n<p><em>C\u00e1ca\u00ed Aoibh\u00edn <\/em>uses cookies in a range of ways to improve your experience on our website, including:<\/p>\n<p>Keeping you signed in<br>\nUnderstanding how you use our website<\/p>\n<p><strong>What types of cookies do we use?<\/strong><\/p>\n<p>There are a number of different types of cookies, however, our website uses:<\/p>\n<p>Functionality \u2013 <em>C\u00e1ca\u00ed Aoibh\u00edn <\/em>uses these cookies so that we recognize you on our website and remember your previously selected preferences. These could include what language you prefer and location you are in. A mix of first-party and third-party cookies are used.<\/p>\n<p>Advertising \u2013 <em>C\u00e1ca\u00ed Aoibh\u00edn <\/em>uses these cookies to collect information about your visit to our website, the content you viewed, the links you followed and information about your browser, device, and your IP address. <em>C\u00e1ca\u00ed Aoibh\u00edn <\/em>sometimes shares some limited aspects of this data with third parties for advertising purposes. We may also share online data collected through cookies with our advertising partners. This means that when you visit another website, you may be shown advertising based on your browsing patterns on our website.<\/p>\n<p><strong>How to manage cookies<\/strong><\/p>\n<p>You can set your browser not to accept cookies, and the above website tells you how to remove cookies from your browser. However, in a few cases, some of our website features may not function as a result.<\/p>\n<p><strong>Privacy policies of other websites<\/strong><\/p>\n<p>The <em>C\u00e1ca\u00ed Aoibh\u00edn <\/em>website contains links to other websites. Our privacy policy applies only to our website, so if you click on a link to another website, you should read their privacy policy.<\/p>\n<p>Changes to our privacy policy<\/p>\n<p><em>C\u00e1ca\u00ed Aoibh\u00edn\u2019s <\/em>keeps its privacy policy under regular review and places any updates on this web page. This privacy policy was last updated on 27\/01\/2021.<\/p>\n<p><strong>How to contact us<\/strong><\/p>\n<p>If you have any questions about <em>C\u00e1ca\u00ed Aoibh\u00edn\u2019s <\/em>privacy policy, the data we hold on you, or you would like to exercise one of your data protection rights, please do not hesitate to contact us.<\/p>\n<p>Email us at: <a href=\"mailto:cacaiaoibhin@gmail.com\"> cacaiaoibhin@gmail.com<\/a><\/p>\n<p>Call us at: Call +353 83 177 6711<\/p>\n<p>Or write to us: <em>C\u00e1ca\u00ed Aoibh\u00edn <\/em>, Gweedore, Donegal<\/p>\n<p><strong>How to contact the appropriate authority<\/strong><\/p>\n<p>Should you wish to report a complaint or if you feel that <em>C\u00e1ca\u00ed Aoibh\u00edn <\/em>has not addressed your concern in a satisfactory manner, you may contact The Data Protection Commission: www.dataprotection.ie<\/p>\t\t\t\t\t\t\t\t<\/div>\n\t\t\t\t<\/div>\n\t\t\t\t\t<\/div>\n\t\t<\/div>\n\t\t\t\t\t<\/div>\n\t\t<\/section>\n\t\t\t\t<\/div>","protected":false},"excerpt":{"rendered":"<p>C\u00e1ca\u00ed Aoibh\u00edn Privacy Policy This privacy policy will explain how our organization uses the personal data we collect from you when you use our website. Topics: What data do we collect? How do we collect your data? How will we use your data? How do we store your data? Marketing What are your data protection [&hellip;]<\/p>\n","protected":false},"author":1,"featured_media":0,"parent":0,"menu_order":0,"comment_status":"closed","ping_status":"closed","template":"elementor_header_footer","meta":{"footnotes":""},"class_list":["post-3","page","type-page","status-publish","hentry"],"yoast_head":"<!-- This site is optimized with the Yoast SEO plugin v27.4 - https:\/\/yoast.com\/product\/yoast-seo-wordpress\/ -->\n<title>Privacy &amp; Cookies Policy - C\u00e1ca\u00ed Aoibh\u00edn<\/title>\n<meta name=\"robots\" content=\"index, follow, max-snippet:-1, max-image-preview:large, max-video-preview:-1\" \/>\n<link rel=\"canonical\" href=\"https:\/\/cacaiaoibhin.ie\/ga\/privacy-cookies-policy\/\" \/>\n<meta property=\"og:locale\" content=\"en_US\" \/>\n<meta property=\"og:type\" content=\"article\" \/>\n<meta property=\"og:title\" content=\"Privacy &amp; Cookies Policy - C\u00e1ca\u00ed Aoibh\u00edn\" \/>\n<meta property=\"og:description\" content=\"C\u00e1ca\u00ed Aoibh\u00edn Privacy Policy This privacy policy will explain how our organization uses the personal data we collect from you when you use our website. Topics: What data do we collect? How do we collect your data? How will we use your data? How do we store your data? Marketing What are your data protection [&hellip;]\" \/>\n<meta property=\"og:url\" content=\"https:\/\/cacaiaoibhin.ie\/ga\/privacy-cookies-policy\/\" \/>\n<meta property=\"og:site_name\" content=\"C\u00e1ca\u00ed Aoibh\u00edn\" \/>\n<meta property=\"article:modified_time\" content=\"2022-01-27T12:01:32+00:00\" \/>\n<meta name=\"twitter:card\" content=\"summary_large_image\" \/>\n<meta name=\"twitter:label1\" content=\"Est. reading time\" \/>\n\t<meta name=\"twitter:data1\" content=\"5 minutes\" \/>\n<script type=\"application\/ld+json\" class=\"yoast-schema-graph\">{\"@context\":\"https:\\\/\\\/schema.org\",\"@graph\":[{\"@type\":\"WebPage\",\"@id\":\"https:\\\/\\\/cacaiaoibhin.ie\\\/privacy-cookies-policy\\\/\",\"url\":\"https:\\\/\\\/cacaiaoibhin.ie\\\/privacy-cookies-policy\\\/\",\"name\":\"Privacy & Cookies Policy - C\u00e1ca\u00ed Aoibh\u00edn\",\"isPartOf\":{\"@id\":\"https:\\\/\\\/cacaiaoibhin.ie\\\/#website\"},\"datePublished\":\"2021-10-11T15:55:14+00:00\",\"dateModified\":\"2022-01-27T12:01:32+00:00\",\"breadcrumb\":{\"@id\":\"https:\\\/\\\/cacaiaoibhin.ie\\\/privacy-cookies-policy\\\/#breadcrumb\"},\"inLanguage\":\"ga\",\"potentialAction\":[{\"@type\":\"ReadAction\",\"target\":[\"https:\\\/\\\/cacaiaoibhin.ie\\\/privacy-cookies-policy\\\/\"]}]},{\"@type\":\"BreadcrumbList\",\"@id\":\"https:\\\/\\\/cacaiaoibhin.ie\\\/privacy-cookies-policy\\\/#breadcrumb\",\"itemListElement\":[{\"@type\":\"ListItem\",\"position\":1,\"name\":\"Home\",\"item\":\"https:\\\/\\\/cacaiaoibhin.ie\\\/\"},{\"@type\":\"ListItem\",\"position\":2,\"name\":\"Privacy &#038; Cookies Policy\"}]},{\"@type\":\"WebSite\",\"@id\":\"https:\\\/\\\/cacaiaoibhin.ie\\\/#website\",\"url\":\"https:\\\/\\\/cacaiaoibhin.ie\\\/\",\"name\":\"C\u00e1ca\u00ed Aoibh\u00edn\",\"description\":\"C\u00e1ca\u00ed Aoibh\u00edn\",\"publisher\":{\"@id\":\"https:\\\/\\\/cacaiaoibhin.ie\\\/#organization\"},\"potentialAction\":[{\"@type\":\"SearchAction\",\"target\":{\"@type\":\"EntryPoint\",\"urlTemplate\":\"https:\\\/\\\/cacaiaoibhin.ie\\\/?s={search_term_string}\"},\"query-input\":{\"@type\":\"PropertyValueSpecification\",\"valueRequired\":true,\"valueName\":\"search_term_string\"}}],\"inLanguage\":\"ga\"},{\"@type\":\"Organization\",\"@id\":\"https:\\\/\\\/cacaiaoibhin.ie\\\/#organization\",\"name\":\"C\u00e1ca\u00ed Aoibh\u00edn\",\"url\":\"https:\\\/\\\/cacaiaoibhin.ie\\\/\",\"logo\":{\"@type\":\"ImageObject\",\"inLanguage\":\"ga\",\"@id\":\"https:\\\/\\\/cacaiaoibhin.ie\\\/#\\\/schema\\\/logo\\\/image\\\/\",\"url\":\"https:\\\/\\\/cacaiaoibhin.ie\\\/wp-content\\\/uploads\\\/2021\\\/11\\\/CA-Logo.png\",\"contentUrl\":\"https:\\\/\\\/cacaiaoibhin.ie\\\/wp-content\\\/uploads\\\/2021\\\/11\\\/CA-Logo.png\",\"width\":260,\"height\":260,\"caption\":\"C\u00e1ca\u00ed Aoibh\u00edn\"},\"image\":{\"@id\":\"https:\\\/\\\/cacaiaoibhin.ie\\\/#\\\/schema\\\/logo\\\/image\\\/\"}}]}<\/script>\n<!-- \/ Yoast SEO plugin. -->","yoast_head_json":{"title":"Privacy & Cookies Policy - C\u00e1ca\u00ed Aoibh\u00edn","robots":{"index":"index","follow":"follow","max-snippet":"max-snippet:-1","max-image-preview":"max-image-preview:large","max-video-preview":"max-video-preview:-1"},"canonical":"https:\/\/cacaiaoibhin.ie\/ga\/privacy-cookies-policy\/","og_locale":"en_US","og_type":"article","og_title":"Privacy & Cookies Policy - C\u00e1ca\u00ed Aoibh\u00edn","og_description":"C\u00e1ca\u00ed Aoibh\u00edn Privacy Policy This privacy policy will explain how our organization uses the personal data we collect from you when you use our website. Topics: What data do we collect? How do we collect your data? How will we use your data? How do we store your data? Marketing What are your data protection [&hellip;]","og_url":"https:\/\/cacaiaoibhin.ie\/ga\/privacy-cookies-policy\/","og_site_name":"C\u00e1ca\u00ed Aoibh\u00edn","article_modified_time":"2022-01-27T12:01:32+00:00","twitter_card":"summary_large_image","twitter_misc":{"Est. reading time":"5 minutes"},"schema":{"@context":"https:\/\/schema.org","@graph":[{"@type":"WebPage","@id":"https:\/\/cacaiaoibhin.ie\/privacy-cookies-policy\/","url":"https:\/\/cacaiaoibhin.ie\/privacy-cookies-policy\/","name":"Privacy & Cookies Policy - C\u00e1ca\u00ed Aoibh\u00edn","isPartOf":{"@id":"https:\/\/cacaiaoibhin.ie\/#website"},"datePublished":"2021-10-11T15:55:14+00:00","dateModified":"2022-01-27T12:01:32+00:00","breadcrumb":{"@id":"https:\/\/cacaiaoibhin.ie\/privacy-cookies-policy\/#breadcrumb"},"inLanguage":"ga","potentialAction":[{"@type":"ReadAction","target":["https:\/\/cacaiaoibhin.ie\/privacy-cookies-policy\/"]}]},{"@type":"BreadcrumbList","@id":"https:\/\/cacaiaoibhin.ie\/privacy-cookies-policy\/#breadcrumb","itemListElement":[{"@type":"ListItem","position":1,"name":"Home","item":"https:\/\/cacaiaoibhin.ie\/"},{"@type":"ListItem","position":2,"name":"Privacy &#038; Cookies Policy"}]},{"@type":"WebSite","@id":"https:\/\/cacaiaoibhin.ie\/#website","url":"https:\/\/cacaiaoibhin.ie\/","name":"C\u00e1ca\u00ed Aoibh\u00edn","description":"C\u00e1ca\u00ed Aoibh\u00edn","publisher":{"@id":"https:\/\/cacaiaoibhin.ie\/#organization"},"potentialAction":[{"@type":"SearchAction","target":{"@type":"EntryPoint","urlTemplate":"https:\/\/cacaiaoibhin.ie\/?s={search_term_string}"},"query-input":{"@type":"PropertyValueSpecification","valueRequired":true,"valueName":"search_term_string"}}],"inLanguage":"ga"},{"@type":"Organization","@id":"https:\/\/cacaiaoibhin.ie\/#organization","name":"C\u00e1ca\u00ed Aoibh\u00edn","url":"https:\/\/cacaiaoibhin.ie\/","logo":{"@type":"ImageObject","inLanguage":"ga","@id":"https:\/\/cacaiaoibhin.ie\/#\/schema\/logo\/image\/","url":"https:\/\/cacaiaoibhin.ie\/wp-content\/uploads\/2021\/11\/CA-Logo.png","contentUrl":"https:\/\/cacaiaoibhin.ie\/wp-content\/uploads\/2021\/11\/CA-Logo.png","width":260,"height":260,"caption":"C\u00e1ca\u00ed Aoibh\u00edn"},"image":{"@id":"https:\/\/cacaiaoibhin.ie\/#\/schema\/logo\/image\/"}}]}},"_links":{"self":[{"href":"https:\/\/cacaiaoibhin.ie\/ga\/wp-json\/wp\/v2\/pages\/3","targetHints":{"allow":["GET"]}}],"collection":[{"href":"https:\/\/cacaiaoibhin.ie\/ga\/wp-json\/wp\/v2\/pages"}],"about":[{"href":"https:\/\/cacaiaoibhin.ie\/ga\/wp-json\/wp\/v2\/types\/page"}],"author":[{"embeddable":true,"href":"https:\/\/cacaiaoibhin.ie\/ga\/wp-json\/wp\/v2\/users\/1"}],"replies":[{"embeddable":true,"href":"https:\/\/cacaiaoibhin.ie\/ga\/wp-json\/wp\/v2\/comments?post=3"}],"version-history":[{"count":7,"href":"https:\/\/cacaiaoibhin.ie\/ga\/wp-json\/wp\/v2\/pages\/3\/revisions"}],"predecessor-version":[{"id":1261,"href":"https:\/\/cacaiaoibhin.ie\/ga\/wp-json\/wp\/v2\/pages\/3\/revisions\/1261"}],"wp:attachment":[{"href":"https:\/\/cacaiaoibhin.ie\/ga\/wp-json\/wp\/v2\/media?parent=3"}],"curies":[{"name":"wp","href":"https:\/\/api.w.org\/{rel}","templated":true}]}}