{"id":795,"date":"2022-01-11T15:37:40","date_gmt":"2022-01-11T15:37:40","guid":{"rendered":"https:\/\/cacaiaoibhin.ie\/?post_type=product&#038;p=795"},"modified":"2022-01-27T15:19:53","modified_gmt":"2022-01-27T15:19:53","slug":"gift-voucher","status":"publish","type":"product","link":"https:\/\/cacaiaoibhin.ie\/ga\/product\/gift-voucher\/","title":{"rendered":"Dearbh\u00e1in Bronntanais"},"content":{"rendered":"","protected":false},"excerpt":{"rendered":"<p>T\u00e9arma\u00ed &amp; Coinn\u00edollacha Dearbh\u00e1in C\u00e1ca\u00ed Aoibh\u00edn - N\u00ed thig dearbh\u00e1in C\u00e1ca\u00ed Aoibh\u00edn a \u00fas\u00e1id ach amh\u00e1in ar earra\u00ed C\u00e1ca\u00ed Aoibh\u00edn<\/p>\n<p>Thig dearbh\u00e1n a \u00fas\u00e1id mar ph\u00e1irt d\u2019\u00edoca\u00edocht, n\u00f3 \u00edoca\u00edocht ioml\u00e1n ar earra\u00ed. N\u00ed f\u00e9idir dearbh\u00e1n a \u00fas\u00e1id d\u00e1ta ar bith i ndiaidh 5 bliana \u00f3n d\u00e1ta ar ceanna\u00edodh \u00e9. Aithn\u00edonn muid go bhfuil t\u00fa faoi chosaint ag do chearta tomhalt\u00f3ir\u00ed agus t\u00fa ag ceannach aon earra\u00ed \u00f3 C\u00e1ca\u00ed Aoibh\u00edn.<\/p>","protected":false},"featured_media":369,"template":"","meta":[],"product_brand":[],"product_cat":[15],"product_tag":[],"class_list":{"0":"post-795","1":"product","2":"type-product","3":"status-publish","4":"has-post-thumbnail","6":"product_cat-all","8":"first","9":"instock","10":"shipping-taxable","11":"purchasable","12":"product-type-variable"},"yoast_head":"<!-- This site is optimized with the Yoast SEO plugin v27.3 - https:\/\/yoast.com\/product\/yoast-seo-wordpress\/ -->\n<title>Gift Voucher - C\u00e1ca\u00ed Aoibh\u00edn<\/title>\n<meta name=\"robots\" content=\"index, follow, max-snippet:-1, max-image-preview:large, max-video-preview:-1\" \/>\n<link rel=\"canonical\" href=\"https:\/\/cacaiaoibhin.ie\/ga\/product\/gift-voucher\/\" \/>\n<meta property=\"og:locale\" content=\"en_US\" \/>\n<meta property=\"og:type\" content=\"article\" \/>\n<meta property=\"og:title\" content=\"Gift Voucher - C\u00e1ca\u00ed Aoibh\u00edn\" \/>\n<meta property=\"og:description\" content=\"C\u00e1ca\u00ed Aoibh\u00edn Gift Voucher T &amp; C\u2019s \u2013 C\u00e1ca\u00ed Aoibh\u00edn gift vouchers can only be used to purchase goods from C\u00e1ca\u00ed Aoibh\u00edn.  Gift cards can be used as part of or full payment for goods. Gift Vouchers cannot be exchanged for cash. Gift Vouchers once purchased will be received electronically to your email. Gift Vouchers will be valid for 5 years from date of purchase. We respect that you are protected by your consumer rights when purchasing any goods from C\u00e1ca\u00ed Aoibh\u00edn\" \/>\n<meta property=\"og:url\" content=\"https:\/\/cacaiaoibhin.ie\/ga\/product\/gift-voucher\/\" \/>\n<meta property=\"og:site_name\" content=\"C\u00e1ca\u00ed Aoibh\u00edn\" \/>\n<meta property=\"article:modified_time\" content=\"2022-01-27T15:19:53+00:00\" \/>\n<meta property=\"og:image\" content=\"https:\/\/cacaiaoibhin.ie\/wp-content\/uploads\/2021\/12\/1-1.jpg\" \/>\n\t<meta property=\"og:image:width\" content=\"500\" \/>\n\t<meta property=\"og:image:height\" content=\"500\" \/>\n\t<meta property=\"og:image:type\" content=\"image\/jpeg\" \/>\n<meta name=\"twitter:card\" content=\"summary_large_image\" \/>\n<script type=\"application\/ld+json\" class=\"yoast-schema-graph\">{\"@context\":\"https:\\\/\\\/schema.org\",\"@graph\":[{\"@type\":\"WebPage\",\"@id\":\"https:\\\/\\\/cacaiaoibhin.ie\\\/product\\\/gift-voucher\\\/\",\"url\":\"https:\\\/\\\/cacaiaoibhin.ie\\\/product\\\/gift-voucher\\\/\",\"name\":\"Gift Voucher - C\u00e1ca\u00ed Aoibh\u00edn\",\"isPartOf\":{\"@id\":\"https:\\\/\\\/cacaiaoibhin.ie\\\/#website\"},\"primaryImageOfPage\":{\"@id\":\"https:\\\/\\\/cacaiaoibhin.ie\\\/product\\\/gift-voucher\\\/#primaryimage\"},\"image\":{\"@id\":\"https:\\\/\\\/cacaiaoibhin.ie\\\/product\\\/gift-voucher\\\/#primaryimage\"},\"thumbnailUrl\":\"https:\\\/\\\/cacaiaoibhin.ie\\\/wp-content\\\/uploads\\\/2021\\\/12\\\/1-1.jpg\",\"datePublished\":\"2022-01-11T15:37:40+00:00\",\"dateModified\":\"2022-01-27T15:19:53+00:00\",\"breadcrumb\":{\"@id\":\"https:\\\/\\\/cacaiaoibhin.ie\\\/product\\\/gift-voucher\\\/#breadcrumb\"},\"inLanguage\":\"ga\",\"potentialAction\":[{\"@type\":\"ReadAction\",\"target\":[\"https:\\\/\\\/cacaiaoibhin.ie\\\/product\\\/gift-voucher\\\/\"]}]},{\"@type\":\"ImageObject\",\"inLanguage\":\"ga\",\"@id\":\"https:\\\/\\\/cacaiaoibhin.ie\\\/product\\\/gift-voucher\\\/#primaryimage\",\"url\":\"https:\\\/\\\/cacaiaoibhin.ie\\\/wp-content\\\/uploads\\\/2021\\\/12\\\/1-1.jpg\",\"contentUrl\":\"https:\\\/\\\/cacaiaoibhin.ie\\\/wp-content\\\/uploads\\\/2021\\\/12\\\/1-1.jpg\",\"width\":500,\"height\":500},{\"@type\":\"BreadcrumbList\",\"@id\":\"https:\\\/\\\/cacaiaoibhin.ie\\\/product\\\/gift-voucher\\\/#breadcrumb\",\"itemListElement\":[{\"@type\":\"ListItem\",\"position\":1,\"name\":\"Home\",\"item\":\"https:\\\/\\\/cacaiaoibhin.ie\\\/\"},{\"@type\":\"ListItem\",\"position\":2,\"name\":\"Shop\",\"item\":\"https:\\\/\\\/cacaiaoibhin.ie\\\/shop\\\/\"},{\"@type\":\"ListItem\",\"position\":3,\"name\":\"Gift Voucher\"}]},{\"@type\":\"WebSite\",\"@id\":\"https:\\\/\\\/cacaiaoibhin.ie\\\/#website\",\"url\":\"https:\\\/\\\/cacaiaoibhin.ie\\\/\",\"name\":\"C\u00e1ca\u00ed Aoibh\u00edn\",\"description\":\"C\u00e1ca\u00ed Aoibh\u00edn\",\"publisher\":{\"@id\":\"https:\\\/\\\/cacaiaoibhin.ie\\\/#organization\"},\"potentialAction\":[{\"@type\":\"SearchAction\",\"target\":{\"@type\":\"EntryPoint\",\"urlTemplate\":\"https:\\\/\\\/cacaiaoibhin.ie\\\/?s={search_term_string}\"},\"query-input\":{\"@type\":\"PropertyValueSpecification\",\"valueRequired\":true,\"valueName\":\"search_term_string\"}}],\"inLanguage\":\"ga\"},{\"@type\":\"Organization\",\"@id\":\"https:\\\/\\\/cacaiaoibhin.ie\\\/#organization\",\"name\":\"C\u00e1ca\u00ed Aoibh\u00edn\",\"url\":\"https:\\\/\\\/cacaiaoibhin.ie\\\/\",\"logo\":{\"@type\":\"ImageObject\",\"inLanguage\":\"ga\",\"@id\":\"https:\\\/\\\/cacaiaoibhin.ie\\\/#\\\/schema\\\/logo\\\/image\\\/\",\"url\":\"https:\\\/\\\/cacaiaoibhin.ie\\\/wp-content\\\/uploads\\\/2021\\\/11\\\/CA-Logo.png\",\"contentUrl\":\"https:\\\/\\\/cacaiaoibhin.ie\\\/wp-content\\\/uploads\\\/2021\\\/11\\\/CA-Logo.png\",\"width\":260,\"height\":260,\"caption\":\"C\u00e1ca\u00ed Aoibh\u00edn\"},\"image\":{\"@id\":\"https:\\\/\\\/cacaiaoibhin.ie\\\/#\\\/schema\\\/logo\\\/image\\\/\"}}]}<\/script>\n<!-- \/ Yoast SEO plugin. -->","yoast_head_json":{"title":"Gift Voucher - C\u00e1ca\u00ed Aoibh\u00edn","robots":{"index":"index","follow":"follow","max-snippet":"max-snippet:-1","max-image-preview":"max-image-preview:large","max-video-preview":"max-video-preview:-1"},"canonical":"https:\/\/cacaiaoibhin.ie\/ga\/product\/gift-voucher\/","og_locale":"en_US","og_type":"article","og_title":"Gift Voucher - C\u00e1ca\u00ed Aoibh\u00edn","og_description":"C\u00e1ca\u00ed Aoibh\u00edn Gift Voucher T &amp; C\u2019s \u2013 C\u00e1ca\u00ed Aoibh\u00edn gift vouchers can only be used to purchase goods from C\u00e1ca\u00ed Aoibh\u00edn.  Gift cards can be used as part of or full payment for goods. Gift Vouchers cannot be exchanged for cash. Gift Vouchers once purchased will be received electronically to your email. Gift Vouchers will be valid for 5 years from date of purchase. We respect that you are protected by your consumer rights when purchasing any goods from C\u00e1ca\u00ed Aoibh\u00edn","og_url":"https:\/\/cacaiaoibhin.ie\/ga\/product\/gift-voucher\/","og_site_name":"C\u00e1ca\u00ed Aoibh\u00edn","article_modified_time":"2022-01-27T15:19:53+00:00","og_image":[{"width":500,"height":500,"url":"https:\/\/cacaiaoibhin.ie\/wp-content\/uploads\/2021\/12\/1-1.jpg","type":"image\/jpeg"}],"twitter_card":"summary_large_image","schema":{"@context":"https:\/\/schema.org","@graph":[{"@type":"WebPage","@id":"https:\/\/cacaiaoibhin.ie\/product\/gift-voucher\/","url":"https:\/\/cacaiaoibhin.ie\/product\/gift-voucher\/","name":"Gift Voucher - C\u00e1ca\u00ed Aoibh\u00edn","isPartOf":{"@id":"https:\/\/cacaiaoibhin.ie\/#website"},"primaryImageOfPage":{"@id":"https:\/\/cacaiaoibhin.ie\/product\/gift-voucher\/#primaryimage"},"image":{"@id":"https:\/\/cacaiaoibhin.ie\/product\/gift-voucher\/#primaryimage"},"thumbnailUrl":"https:\/\/cacaiaoibhin.ie\/wp-content\/uploads\/2021\/12\/1-1.jpg","datePublished":"2022-01-11T15:37:40+00:00","dateModified":"2022-01-27T15:19:53+00:00","breadcrumb":{"@id":"https:\/\/cacaiaoibhin.ie\/product\/gift-voucher\/#breadcrumb"},"inLanguage":"ga","potentialAction":[{"@type":"ReadAction","target":["https:\/\/cacaiaoibhin.ie\/product\/gift-voucher\/"]}]},{"@type":"ImageObject","inLanguage":"ga","@id":"https:\/\/cacaiaoibhin.ie\/product\/gift-voucher\/#primaryimage","url":"https:\/\/cacaiaoibhin.ie\/wp-content\/uploads\/2021\/12\/1-1.jpg","contentUrl":"https:\/\/cacaiaoibhin.ie\/wp-content\/uploads\/2021\/12\/1-1.jpg","width":500,"height":500},{"@type":"BreadcrumbList","@id":"https:\/\/cacaiaoibhin.ie\/product\/gift-voucher\/#breadcrumb","itemListElement":[{"@type":"ListItem","position":1,"name":"Home","item":"https:\/\/cacaiaoibhin.ie\/"},{"@type":"ListItem","position":2,"name":"Shop","item":"https:\/\/cacaiaoibhin.ie\/shop\/"},{"@type":"ListItem","position":3,"name":"Gift Voucher"}]},{"@type":"WebSite","@id":"https:\/\/cacaiaoibhin.ie\/#website","url":"https:\/\/cacaiaoibhin.ie\/","name":"C\u00e1ca\u00ed Aoibh\u00edn","description":"C\u00e1ca\u00ed Aoibh\u00edn","publisher":{"@id":"https:\/\/cacaiaoibhin.ie\/#organization"},"potentialAction":[{"@type":"SearchAction","target":{"@type":"EntryPoint","urlTemplate":"https:\/\/cacaiaoibhin.ie\/?s={search_term_string}"},"query-input":{"@type":"PropertyValueSpecification","valueRequired":true,"valueName":"search_term_string"}}],"inLanguage":"ga"},{"@type":"Organization","@id":"https:\/\/cacaiaoibhin.ie\/#organization","name":"C\u00e1ca\u00ed Aoibh\u00edn","url":"https:\/\/cacaiaoibhin.ie\/","logo":{"@type":"ImageObject","inLanguage":"ga","@id":"https:\/\/cacaiaoibhin.ie\/#\/schema\/logo\/image\/","url":"https:\/\/cacaiaoibhin.ie\/wp-content\/uploads\/2021\/11\/CA-Logo.png","contentUrl":"https:\/\/cacaiaoibhin.ie\/wp-content\/uploads\/2021\/11\/CA-Logo.png","width":260,"height":260,"caption":"C\u00e1ca\u00ed Aoibh\u00edn"},"image":{"@id":"https:\/\/cacaiaoibhin.ie\/#\/schema\/logo\/image\/"}}]}},"_links":{"self":[{"href":"https:\/\/cacaiaoibhin.ie\/ga\/wp-json\/wp\/v2\/product\/795","targetHints":{"allow":["GET"]}}],"collection":[{"href":"https:\/\/cacaiaoibhin.ie\/ga\/wp-json\/wp\/v2\/product"}],"about":[{"href":"https:\/\/cacaiaoibhin.ie\/ga\/wp-json\/wp\/v2\/types\/product"}],"wp:featuredmedia":[{"embeddable":true,"href":"https:\/\/cacaiaoibhin.ie\/ga\/wp-json\/wp\/v2\/media\/369"}],"wp:attachment":[{"href":"https:\/\/cacaiaoibhin.ie\/ga\/wp-json\/wp\/v2\/media?parent=795"}],"wp:term":[{"taxonomy":"product_brand","embeddable":true,"href":"https:\/\/cacaiaoibhin.ie\/ga\/wp-json\/wp\/v2\/product_brand?post=795"},{"taxonomy":"product_cat","embeddable":true,"href":"https:\/\/cacaiaoibhin.ie\/ga\/wp-json\/wp\/v2\/product_cat?post=795"},{"taxonomy":"product_tag","embeddable":true,"href":"https:\/\/cacaiaoibhin.ie\/ga\/wp-json\/wp\/v2\/product_tag?post=795"}],"curies":[{"name":"wp","href":"https:\/\/api.w.org\/{rel}","templated":true}]}}